{"id":6,"date":"2024-09-26T17:46:43","date_gmt":"2024-09-26T15:46:43","guid":{"rendered":"http:\/\/localhost:8883\/?page_id=6"},"modified":"2024-10-02T19:05:54","modified_gmt":"2024-10-02T17:05:54","slug":"home","status":"publish","type":"page","link":"https:\/\/futurosmedicos.es\/","title":{"rendered":"Home"},"content":{"rendered":"\t\t<div data-elementor-type=\"wp-page\" data-elementor-id=\"6\" class=\"elementor elementor-6\" data-elementor-post-type=\"page\">\n\t\t\t\t<div class=\"elementor-element elementor-element-5506b95 e-flex e-con-boxed e-con e-parent\" data-id=\"5506b95\" data-element_type=\"container\" data-settings=\"{&quot;background_background&quot;:&quot;classic&quot;}\">\n\t\t\t\t\t<div class=\"e-con-inner\">\n\t\t\t\t<div class=\"elementor-element elementor-element-731f5fb elementor-widget__width-initial elementor-widget-mobile__width-initial elementor-widget elementor-widget-heading\" data-id=\"731f5fb\" data-element_type=\"widget\" data-widget_type=\"heading.default\">\n\t\t\t\t<div class=\"elementor-widget-container\">\n\t\t\t<h2 class=\"elementor-heading-title elementor-size-default\">TE AYUDAMOS A REALIZAR EL SUE\u00d1O DE SER M\u00c9DICO <\/h2>\t\t<\/div>\n\t\t\t\t<\/div>\n\t\t\t\t<div class=\"elementor-element elementor-element-4289bbc elementor-widget__width-initial elementor-widget-mobile__width-initial elementor-widget elementor-widget-text-editor\" data-id=\"4289bbc\" data-element_type=\"widget\" data-widget_type=\"text-editor.default\">\n\t\t\t\t<div class=\"elementor-widget-container\">\n\t\t\t\t\t\t\t<span style=\"font-weight: 400;\"><strong><em >Futuro Medico <\/em><\/strong> recibe los expedientes de los alumnos internacionales y les prepara para las pruebas necesarias para acceder a estudios de medicina en las universidades espa\u00f1olas<\/span>\t\t\t\t\t\t<\/div>\n\t\t\t\t<\/div>\n\t\t\t\t\t<\/div>\n\t\t\t\t<\/div>\n\t\t<div class=\"elementor-element elementor-element-2cfc03c e-flex e-con-boxed e-con e-parent\" data-id=\"2cfc03c\" data-element_type=\"container\" data-settings=\"{&quot;background_background&quot;:&quot;classic&quot;}\">\n\t\t\t\t\t<div class=\"e-con-inner\">\n\t\t\t\t<div class=\"elementor-element elementor-element-bed4daa elementor-widget elementor-widget-heading\" data-id=\"bed4daa\" data-element_type=\"widget\" data-widget_type=\"heading.default\">\n\t\t\t\t<div class=\"elementor-widget-container\">\n\t\t\t<h2 class=\"elementor-heading-title elementor-size-default\">Nuestra metodolog\u00eda es <span class=\"palabra-destacada-naranja\">\u00f3ptima<\/span> y te har\u00e1 <span class=\"palabra-destacada-verde\"> entrar en medicina <\/span><\/h2>\t\t<\/div>\n\t\t\t\t<\/div>\n\t\t\t\t<div class=\"elementor-element elementor-element-dba319a elementor-widget__width-initial elementor-widget-mobile__width-initial elementor-widget elementor-widget-text-editor\" data-id=\"dba319a\" data-element_type=\"widget\" data-widget_type=\"text-editor.default\">\n\t\t\t\t<div class=\"elementor-widget-container\">\n\t\t\t\t\t\t\t<ol><li><strong>Recibimos el bachillerato homologado o en proceso de homologaci\u00f3n.<\/strong><\/li><li><strong>Analizamos el perfil acad\u00e9mico del alumno.<\/strong><\/li><li><strong>Seleccionamos las materias (2 o 4) que mejor se adapten al perfil del alumno para optimizar su preparaci\u00f3n para las PCE.<\/strong><\/li><li><strong>Preparamos al alumno para los ex\u00e1menes de las PCE, con un enfoque personalizado. <\/strong><\/li><li><strong>El curso ser\u00e1 un acompa\u00f1amiento personalizado para cada alumno de t\u00fa a t\u00fa y dispondr\u00e1 de material educativo en nuestra aula online.<\/strong><\/li><li><strong>Nos encargaremos de ahorrarte el trabajo de\u00a0 preinscribirte en la UNED y tambi\u00e9n las inscripciones en las facultades de medicina<\/strong><\/li><\/ol>\t\t\t\t\t\t<\/div>\n\t\t\t\t<\/div>\n\t\t\t\t\t<\/div>\n\t\t\t\t<\/div>\n\t\t<div class=\"elementor-element elementor-element-024e9a4 e-flex e-con-boxed e-con e-parent\" data-id=\"024e9a4\" data-element_type=\"container\" data-settings=\"{&quot;background_background&quot;:&quot;classic&quot;}\">\n\t\t\t\t\t<div class=\"e-con-inner\">\n\t\t\t\t<div class=\"elementor-element elementor-element-2e458b0 elementor-widget__width-initial elementor-widget-mobile__width-initial elementor-widget elementor-widget-heading\" data-id=\"2e458b0\" data-element_type=\"widget\" data-widget_type=\"heading.default\">\n\t\t\t\t<div class=\"elementor-widget-container\">\n\t\t\t<h2 class=\"elementor-heading-title elementor-size-default\"><span class=\"palabra-destacada-verde\"> TE DAMOS LA MANO<\/span> DESDE EL PRINCIPIO HASTA QUE TE <span class=\"palabra-destacada-lila\">MATRICULES <\/span>\n<br><br>\n <span class=\"palabra-destacada-naranja\"> TE GARANTIZAMOS TU \u00c9XITO  <\/span><\/h2>\t\t<\/div>\n\t\t\t\t<\/div>\n\t\t\t\t\t<\/div>\n\t\t\t\t<\/div>\n\t\t<div class=\"elementor-element elementor-element-e7de6f8 e-con-full e-flex e-con e-parent\" data-id=\"e7de6f8\" data-element_type=\"container\" data-settings=\"{&quot;background_background&quot;:&quot;classic&quot;}\">\n\t\t\t\t<div class=\"elementor-element elementor-element-7625390 elementor-widget__width-initial elementor-widget-mobile__width-initial elementor-widget elementor-widget-heading\" data-id=\"7625390\" data-element_type=\"widget\" data-widget_type=\"heading.default\">\n\t\t\t\t<div class=\"elementor-widget-container\">\n\t\t\t<h2 class=\"elementor-heading-title elementor-size-default\">Descubre las mejores <span class=\"palabra-destacada-verde\">facultades de medicina<\/span> p\u00fablicas en espa\u00f1a<\/span> que est\u00e1n a <span class=\"palabra-destacada-naranja\">tu alcance<\/span> <\/h2>\t\t<\/div>\n\t\t\t\t<\/div>\n\t\t\t\t<div class=\"elementor-element elementor-element-7560d3c elementor-widget__width-initial elementor-widget-mobile__width-initial elementor-widget elementor-widget-text-editor\" data-id=\"7560d3c\" data-element_type=\"widget\" data-widget_type=\"text-editor.default\">\n\t\t\t\t<div class=\"elementor-widget-container\">\n\t\t\t\t\t\t\t<ul><li><strong>Galicia:<\/strong> Universidad de Santiago de Compostela (USC)<\/li><li><strong>Madrid:<\/strong> Universidad Complutense de Madrid (UCM), Universidad Aut\u00f3noma de Madrid (UAM), Universidad de Alcal\u00e1 de Henares (UAH), Universidad Rey Juan Carlos (URJC)<\/li><li><strong>Castilla y Le\u00f3n:<\/strong> Universidad de Salamanca (USAL), Universidad de Valladolid (UVA)<\/li><li><strong>Comunidad Valenciana:<\/strong> Universidad de Alicante (UA), Universidad Miguel Hern\u00e1ndez de Elche (UMH), Universitat Jaume I de Castell\u00f3n (UJI), Universidad de Valencia (UV)<\/li><li><strong>Murcia:<\/strong> Universidad de Murcia (UMU)<\/li><li><strong>Extremadura:<\/strong> Universidad de Extremadura (UEX)<\/li><\/ul>\t\t\t\t\t\t<\/div>\n\t\t\t\t<\/div>\n\t\t\t\t<\/div>\n\t\t<div class=\"elementor-element elementor-element-0b163ad e-con-full e-flex e-con e-parent\" data-id=\"0b163ad\" data-element_type=\"container\" data-settings=\"{&quot;background_background&quot;:&quot;classic&quot;}\">\n\t\t\t\t<div class=\"elementor-element elementor-element-20fe586 elementor-widget__width-initial elementor-widget-mobile__width-initial elementor-widget elementor-widget-heading\" data-id=\"20fe586\" data-element_type=\"widget\" data-widget_type=\"heading.default\">\n\t\t\t\t<div class=\"elementor-widget-container\">\n\t\t\t<h2 class=\"elementor-heading-title elementor-size-default\">Precios reducidos al <span class=\"palabra-destacada-lila\"> alcance de todos<\/span><\/h2>\t\t<\/div>\n\t\t\t\t<\/div>\n\t\t\t\t<div class=\"elementor-element elementor-element-f9bd8ba elementor-widget__width-initial elementor-widget-mobile__width-initial elementor-widget elementor-widget-text-editor\" data-id=\"f9bd8ba\" data-element_type=\"widget\" data-widget_type=\"text-editor.default\">\n\t\t\t\t<div class=\"elementor-widget-container\">\n\t\t\t\t\t\t\t<p>Deber\u00e1s matricularte de <strong>4 asignaturas<\/strong>:<\/p><ol><li><strong>Matem\u00e1ticas<\/strong> (Obligatoria)<\/li><li><strong>Bilog\u00eda<\/strong> (Obligatoria)<\/li><li><strong>Qu\u00edmia o F\u00edsica\u00a0<\/strong><\/li><li><strong>Ingl\u00e9s o Franc\u00e9s\u00a0<\/strong><\/li><\/ol><p><span style=\"font-weight: 400;\">El precio por asignatura se paga una \u00fanica vez y son<strong> 500 euros<\/strong>, incluye la <strong>matriculaci\u00f3n al examen PCE de la UNED <\/strong>y la <strong>preparaci\u00f3n completa<\/strong> para poder aprobarlo<\/span><\/p>\t\t\t\t\t\t<\/div>\n\t\t\t\t<\/div>\n\t\t\t\t<\/div>\n\t\t<div class=\"elementor-element elementor-element-50924f7 e-con-full e-flex e-con e-parent\" data-id=\"50924f7\" data-element_type=\"container\" data-settings=\"{&quot;background_background&quot;:&quot;classic&quot;}\">\n\t\t\t\t<div class=\"elementor-element elementor-element-34bbb0c elementor-widget elementor-widget-heading\" data-id=\"34bbb0c\" data-element_type=\"widget\" data-widget_type=\"heading.default\">\n\t\t\t\t<div class=\"elementor-widget-container\">\n\t\t\t<h2 class=\"elementor-heading-title elementor-size-default\">inicia este camino con <span class=\"palabra-destacada-verde\">  nosotros<\/span><\/h2>\t\t<\/div>\n\t\t\t\t<\/div>\n\t\t\t\t<div class=\"elementor-element elementor-element-bd6e6e1 elementor-widget__width-initial elementor-widget-mobile__width-initial elementor-widget elementor-widget-shortcode\" data-id=\"bd6e6e1\" data-element_type=\"widget\" data-widget_type=\"shortcode.default\">\n\t\t\t\t<div class=\"elementor-widget-container\">\n\t\t\t\t\t<div class=\"elementor-shortcode\">\n<div class=\"wpcf7 no-js\" id=\"wpcf7-f121-o1\" lang=\"es-ES\" dir=\"ltr\">\n<div class=\"screen-reader-response\"><p role=\"status\" aria-live=\"polite\" aria-atomic=\"true\"><\/p> <ul><\/ul><\/div>\n<form action=\"\/index.php?rest_route=%2Fwp%2Fv2%2Fpages%2F6#wpcf7-f121-o1\" method=\"post\" class=\"wpcf7-form init\" aria-label=\"Formulario de contacto\" novalidate=\"novalidate\" data-status=\"init\">\n<div style=\"display: none;\">\n<input type=\"hidden\" name=\"_wpcf7\" value=\"121\" \/>\n<input type=\"hidden\" name=\"_wpcf7_version\" value=\"5.9.8\" \/>\n<input type=\"hidden\" name=\"_wpcf7_locale\" value=\"es_ES\" \/>\n<input type=\"hidden\" name=\"_wpcf7_unit_tag\" value=\"wpcf7-f121-o1\" \/>\n<input type=\"hidden\" name=\"_wpcf7_container_post\" value=\"0\" \/>\n<input type=\"hidden\" name=\"_wpcf7_posted_data_hash\" value=\"\" \/>\n<\/div>\n<p><label> Nombre Completo<br \/>\n<span class=\"wpcf7-form-control-wrap\" data-name=\"your-name\"><input size=\"40\" maxlength=\"400\" class=\"wpcf7-form-control wpcf7-text wpcf7-validates-as-required\" autocomplete=\"name\" aria-required=\"true\" aria-invalid=\"false\" value=\"\" type=\"text\" name=\"your-name\" \/><\/span> <\/label>\n<\/p>\n<p><label> Pa\u00eds<br \/>\n<span class=\"wpcf7-form-control-wrap\" data-name=\"menu-880\"><select class=\"wpcf7-form-control wpcf7-select wpcf7-validates-as-required\" aria-required=\"true\" aria-invalid=\"false\" name=\"menu-880\"><option value=\"Afganist\u00e1n\">Afganist\u00e1n<\/option><option value=\"Albania\">Albania<\/option><option value=\"Alemania\">Alemania<\/option><option value=\"Andorra\">Andorra<\/option><option value=\"Angola\">Angola<\/option><option value=\"Antigua y Barbuda\">Antigua y Barbuda<\/option><option value=\"Arabia Saudita\">Arabia Saudita<\/option><option value=\"Argelia\">Argelia<\/option><option value=\"Argentina\">Argentina<\/option><option value=\"Armenia\">Armenia<\/option><option value=\"Australia\">Australia<\/option><option value=\"Austria\">Austria<\/option><option value=\"Azerbaiy\u00e1n\">Azerbaiy\u00e1n<\/option><option value=\"Bahamas\">Bahamas<\/option><option value=\"Banglad\u00e9s\">Banglad\u00e9s<\/option><option value=\"Bar\u00e9in\">Bar\u00e9in<\/option><option value=\"Barbados\">Barbados<\/option><option value=\"B\u00e9lgica\">B\u00e9lgica<\/option><option value=\"Belice\">Belice<\/option><option value=\"Ben\u00edn\">Ben\u00edn<\/option><option value=\"Bielorrusia\">Bielorrusia<\/option><option value=\"Birmania\">Birmania<\/option><option value=\"Bolivia\">Bolivia<\/option><option value=\"Bosnia y Herzegovina\">Bosnia y Herzegovina<\/option><option value=\"Botsuana\">Botsuana<\/option><option value=\"Brasil\">Brasil<\/option><option value=\"Brun\u00e9i\">Brun\u00e9i<\/option><option value=\"Bulgaria\">Bulgaria<\/option><option value=\"Burkina Faso\">Burkina Faso<\/option><option value=\"Burundi\">Burundi<\/option><option value=\"Cabo Verde\">Cabo Verde<\/option><option value=\"Camboya\">Camboya<\/option><option value=\"Camer\u00fan\">Camer\u00fan<\/option><option value=\"Canad\u00e1\">Canad\u00e1<\/option><option value=\"Catar\">Catar<\/option><option value=\"Chad\">Chad<\/option><option value=\"Chile\">Chile<\/option><option value=\"China\">China<\/option><option value=\"Chipre\">Chipre<\/option><option value=\"Colombia\">Colombia<\/option><option value=\"Comoras\">Comoras<\/option><option value=\"Corea del Norte\">Corea del Norte<\/option><option value=\"Corea del Sur\">Corea del Sur<\/option><option value=\"Costa de Marfil\">Costa de Marfil<\/option><option value=\"Costa Rica\">Costa Rica<\/option><option value=\"Croacia\">Croacia<\/option><option value=\"Cuba\">Cuba<\/option><option value=\"Dinamarca\">Dinamarca<\/option><option value=\"Dominica\">Dominica<\/option><option value=\"Ecuador\">Ecuador<\/option><option value=\"Egipto\">Egipto<\/option><option value=\"El Salvador\">El Salvador<\/option><option value=\"Emiratos \u00c1rabes Unidos\">Emiratos \u00c1rabes Unidos<\/option><option value=\"Eritrea\">Eritrea<\/option><option value=\"Eslovaquia\">Eslovaquia<\/option><option value=\"Eslovenia\">Eslovenia<\/option><option value=\"Espa\u00f1a\">Espa\u00f1a<\/option><option value=\"Estados Unidos\">Estados Unidos<\/option><option value=\"Estonia\">Estonia<\/option><option value=\"Esuatini\">Esuatini<\/option><option value=\"Etiop\u00eda\">Etiop\u00eda<\/option><option value=\"Filipinas\">Filipinas<\/option><option value=\"Finlandia\">Finlandia<\/option><option value=\"Fiyi\">Fiyi<\/option><option value=\"Francia\">Francia<\/option><option value=\"Gab\u00f3n\">Gab\u00f3n<\/option><option value=\"Gambia\">Gambia<\/option><option value=\"Georgia\">Georgia<\/option><option value=\"Ghana\">Ghana<\/option><option value=\"Granada\">Granada<\/option><option value=\"Grecia\">Grecia<\/option><option value=\"Guatemala\">Guatemala<\/option><option value=\"Guinea\">Guinea<\/option><option value=\"Guinea Ecuatorial\">Guinea Ecuatorial<\/option><option value=\"Guinea-Bis\u00e1u\">Guinea-Bis\u00e1u<\/option><option value=\"Guyana\">Guyana<\/option><option value=\"Hait\u00ed\">Hait\u00ed<\/option><option value=\"Honduras\">Honduras<\/option><option value=\"Hungr\u00eda\">Hungr\u00eda<\/option><option value=\"India\">India<\/option><option value=\"Indonesia\">Indonesia<\/option><option value=\"Irak\">Irak<\/option><option value=\"Ir\u00e1n\">Ir\u00e1n<\/option><option value=\"Irlanda\">Irlanda<\/option><option value=\"Islandia\">Islandia<\/option><option value=\"Islas Marshall\">Islas Marshall<\/option><option value=\"Islas Salom\u00f3n\">Islas Salom\u00f3n<\/option><option value=\"Israel\">Israel<\/option><option value=\"Italia\">Italia<\/option><option value=\"Jamaica\">Jamaica<\/option><option value=\"Jap\u00f3n\">Jap\u00f3n<\/option><option value=\"Jordania\">Jordania<\/option><option value=\"Kazajist\u00e1n\">Kazajist\u00e1n<\/option><option value=\"Kenia\">Kenia<\/option><option value=\"Kirguist\u00e1n\">Kirguist\u00e1n<\/option><option value=\"Kiribati\">Kiribati<\/option><option value=\"Kuwait\">Kuwait<\/option><option value=\"Laos\">Laos<\/option><option value=\"Lesoto\">Lesoto<\/option><option value=\"Letonia\">Letonia<\/option><option value=\"L\u00edbano\">L\u00edbano<\/option><option value=\"Liberia\">Liberia<\/option><option value=\"Libia\">Libia<\/option><option value=\"Liechtenstein\">Liechtenstein<\/option><option value=\"Lituania\">Lituania<\/option><option value=\"Luxemburgo\">Luxemburgo<\/option><option value=\"Madagascar\">Madagascar<\/option><option value=\"Malasia\">Malasia<\/option><option value=\"Malaui\">Malaui<\/option><option value=\"Maldivas\">Maldivas<\/option><option value=\"Mal\u00ed\">Mal\u00ed<\/option><option value=\"Malta\">Malta<\/option><option value=\"Marruecos\">Marruecos<\/option><option value=\"Mauricio\">Mauricio<\/option><option value=\"Mauritania\">Mauritania<\/option><option value=\"M\u00e9xico\">M\u00e9xico<\/option><option value=\"Micronesia\">Micronesia<\/option><option value=\"Moldavia\">Moldavia<\/option><option value=\"M\u00f3naco\">M\u00f3naco<\/option><option value=\"Mongolia\">Mongolia<\/option><option value=\"Montenegro\">Montenegro<\/option><option value=\"Mozambique\">Mozambique<\/option><option value=\"Namibia\">Namibia<\/option><option value=\"Nauru\">Nauru<\/option><option value=\"Nepal\">Nepal<\/option><option value=\"Nicaragua\">Nicaragua<\/option><option value=\"N\u00edger\">N\u00edger<\/option><option value=\"Nigeria\">Nigeria<\/option><option value=\"Noruega\">Noruega<\/option><option value=\"Nueva Zelanda\">Nueva Zelanda<\/option><option value=\"Om\u00e1n\">Om\u00e1n<\/option><option value=\"Pa\u00edses Bajos\">Pa\u00edses Bajos<\/option><option value=\"Pakist\u00e1n\">Pakist\u00e1n<\/option><option value=\"Palaos\">Palaos<\/option><option value=\"Panam\u00e1\">Panam\u00e1<\/option><option value=\"Pap\u00faa Nueva Guinea\">Pap\u00faa Nueva Guinea<\/option><option value=\"Paraguay\">Paraguay<\/option><option value=\"Per\u00fa\">Per\u00fa<\/option><option value=\"Polonia\">Polonia<\/option><option value=\"Portugal\">Portugal<\/option><option value=\"Reino Unido\">Reino Unido<\/option><option value=\"Rep\u00fablica Centroafricana\">Rep\u00fablica Centroafricana<\/option><option value=\"Rep\u00fablica Checa\">Rep\u00fablica Checa<\/option><option value=\"Rep\u00fablica Democr\u00e1tica del Congo\">Rep\u00fablica Democr\u00e1tica del Congo<\/option><option value=\"Rep\u00fablica Dominicana\">Rep\u00fablica Dominicana<\/option><option value=\"Rep\u00fablica del Congo\">Rep\u00fablica del Congo<\/option><option value=\"Ruanda\">Ruanda<\/option><option value=\"Ruman\u00eda\">Ruman\u00eda<\/option><option value=\"Rusia\">Rusia<\/option><option value=\"Samoa\">Samoa<\/option><option value=\"San Crist\u00f3bal y Nieves\">San Crist\u00f3bal y Nieves<\/option><option value=\"San Marino\">San Marino<\/option><option value=\"San Vicente y las Granadinas\">San Vicente y las Granadinas<\/option><option value=\"Santa Luc\u00eda\">Santa Luc\u00eda<\/option><option value=\"Santo Tom\u00e9 y Pr\u00edncipe\">Santo Tom\u00e9 y Pr\u00edncipe<\/option><option value=\"Senegal\">Senegal<\/option><option value=\"Serbia\">Serbia<\/option><option value=\"Seychelles\">Seychelles<\/option><option value=\"Sierra Leona\">Sierra Leona<\/option><option value=\"Singapur\">Singapur<\/option><option value=\"Siria\">Siria<\/option><option value=\"Somalia\">Somalia<\/option><option value=\"Sri Lanka\">Sri Lanka<\/option><option value=\"Sud\u00e1frica\">Sud\u00e1frica<\/option><option value=\"Sud\u00e1n\">Sud\u00e1n<\/option><option value=\"Sud\u00e1n del Sur\">Sud\u00e1n del Sur<\/option><option value=\"Suecia\">Suecia<\/option><option value=\"Suiza\">Suiza<\/option><option value=\"Surinam\">Surinam<\/option><option value=\"Tailandia\">Tailandia<\/option><option value=\"Tanzania\">Tanzania<\/option><option value=\"Tayikist\u00e1n\">Tayikist\u00e1n<\/option><option value=\"Timor Oriental\">Timor Oriental<\/option><option value=\"Togo\">Togo<\/option><option value=\"Tonga\">Tonga<\/option><option value=\"Trinidad y Tobago\">Trinidad y Tobago<\/option><option value=\"T\u00fanez\">T\u00fanez<\/option><option value=\"Turkmenist\u00e1n\">Turkmenist\u00e1n<\/option><option value=\"Turqu\u00eda\">Turqu\u00eda<\/option><option value=\"Tuvalu\">Tuvalu<\/option><option value=\"Ucrania\">Ucrania<\/option><option value=\"Uganda\">Uganda<\/option><option value=\"Uruguay\">Uruguay<\/option><option value=\"Uzbekist\u00e1n\">Uzbekist\u00e1n<\/option><option value=\"Vanuatu\">Vanuatu<\/option><option value=\"Vaticano\">Vaticano<\/option><option value=\"Venezuela\">Venezuela<\/option><option value=\"Vietnam\">Vietnam<\/option><option value=\"Yemen\">Yemen<\/option><option value=\"Yibuti\">Yibuti<\/option><option value=\"Zambia\">Zambia<\/option><option value=\"Zimbabue\">Zimbabue<\/option><\/select><\/span> <\/label>\n<\/p>\n<p><label> Correo Electr\u00f3nico<br \/>\n<span class=\"wpcf7-form-control-wrap\" data-name=\"your-email\"><input size=\"40\" maxlength=\"400\" class=\"wpcf7-form-control wpcf7-email wpcf7-validates-as-required wpcf7-text wpcf7-validates-as-email\" autocomplete=\"email\" aria-required=\"true\" aria-invalid=\"false\" value=\"\" type=\"email\" name=\"your-email\" \/><\/span> <\/label>\n<\/p>\n<p><label> Tel\u00e9fono<br \/>\n<span class=\"wpcf7-form-control-wrap\" data-name=\"telefono\"><input size=\"40\" maxlength=\"400\" class=\"wpcf7-form-control wpcf7-tel wpcf7-validates-as-required wpcf7-text wpcf7-validates-as-tel\" autocomplete=\"telefono\" aria-required=\"true\" aria-invalid=\"false\" value=\"\" type=\"tel\" name=\"telefono\" \/><\/span> <\/label>\n<\/p>\n<p><label> Nota Bachiller<br \/>\n<span class=\"wpcf7-form-control-wrap\" data-name=\"nota-bachiller\"><input class=\"wpcf7-form-control wpcf7-number wpcf7-validates-as-number\" min=\"5\" max=\"10\" aria-invalid=\"false\" value=\"\" type=\"number\" name=\"nota-bachiller\" \/><\/span> <\/label>\n<\/p>\n<p><input class=\"wpcf7-form-control wpcf7-submit has-spinner\" type=\"submit\" value=\"Enviar\" \/>\n<\/p><div class=\"wpcf7-response-output\" aria-hidden=\"true\"><\/div>\n<\/form>\n<\/div>\n<\/div>\n\t\t\t\t<\/div>\n\t\t\t\t<\/div>\n\t\t\t\t<\/div>\n\t\t<div class=\"elementor-element elementor-element-dfac63f e-grid e-con-boxed e-con e-parent\" data-id=\"dfac63f\" data-element_type=\"container\" data-settings=\"{&quot;background_background&quot;:&quot;classic&quot;}\">\n\t\t\t\t\t<div class=\"e-con-inner\">\n\t\t\t\t<div class=\"elementor-element elementor-element-47ef71e elementor-widget elementor-widget-image\" data-id=\"47ef71e\" data-element_type=\"widget\" data-widget_type=\"image.default\">\n\t\t\t\t<div class=\"elementor-widget-container\">\n\t\t\t\t\t\t\t\t\t\t\t\t\t<img fetchpriority=\"high\" decoding=\"async\" width=\"480\" height=\"480\" src=\"https:\/\/futurosmedicos.es\/wp-content\/uploads\/2024\/09\/480px-LogoUNED.jpg\" class=\"attachment-large size-large wp-image-166\" alt=\"\" srcset=\"https:\/\/futurosmedicos.es\/wp-content\/uploads\/2024\/09\/480px-LogoUNED.jpg 480w, https:\/\/futurosmedicos.es\/wp-content\/uploads\/2024\/09\/480px-LogoUNED-300x300.jpg 300w, https:\/\/futurosmedicos.es\/wp-content\/uploads\/2024\/09\/480px-LogoUNED-150x150.jpg 150w\" sizes=\"(max-width: 480px) 100vw, 480px\" \/>\t\t\t\t\t\t\t\t\t\t\t\t\t<\/div>\n\t\t\t\t<\/div>\n\t\t\t\t<div class=\"elementor-element elementor-element-eed9943 elementor-widget elementor-widget-image\" data-id=\"eed9943\" data-element_type=\"widget\" data-widget_type=\"image.default\">\n\t\t\t\t<div class=\"elementor-widget-container\">\n\t\t\t\t\t\t\t\t\t\t\t\t\t<img decoding=\"async\" width=\"800\" height=\"386\" src=\"https:\/\/futurosmedicos.es\/wp-content\/uploads\/2024\/09\/Logotipo_del_Gobierno_de_Espan\u0303a.svg-1024x494.png\" class=\"attachment-large size-large wp-image-167\" alt=\"\" srcset=\"https:\/\/futurosmedicos.es\/wp-content\/uploads\/2024\/09\/Logotipo_del_Gobierno_de_Espan\u0303a.svg-1024x494.png 1024w, https:\/\/futurosmedicos.es\/wp-content\/uploads\/2024\/09\/Logotipo_del_Gobierno_de_Espan\u0303a.svg-300x145.png 300w, https:\/\/futurosmedicos.es\/wp-content\/uploads\/2024\/09\/Logotipo_del_Gobierno_de_Espan\u0303a.svg-768x371.png 768w, https:\/\/futurosmedicos.es\/wp-content\/uploads\/2024\/09\/Logotipo_del_Gobierno_de_Espan\u0303a.svg.png 1280w\" sizes=\"(max-width: 800px) 100vw, 800px\" \/>\t\t\t\t\t\t\t\t\t\t\t\t\t<\/div>\n\t\t\t\t<\/div>\n\t\t\t\t\t<\/div>\n\t\t\t\t<\/div>\n\t\t\t\t<\/div>\n\t\t","protected":false},"excerpt":{"rendered":"<p>TE AYUDAMOS A REALIZAR EL SUE\u00d1O DE SER M\u00c9DICO Futuro Medico recibe los expedientes de los alumnos internacionales y les prepara para las pruebas necesarias para acceder a estudios de medicina en las universidades espa\u00f1olas Nuestra metodolog\u00eda es \u00f3ptima y te har\u00e1 entrar en medicina Recibimos el bachillerato homologado o en proceso de homologaci\u00f3n. Analizamos [&hellip;]<\/p>\n","protected":false},"author":1,"featured_media":0,"parent":0,"menu_order":0,"comment_status":"closed","ping_status":"closed","template":"","meta":{"footnotes":""},"class_list":["post-6","page","type-page","status-publish","hentry"],"_links":{"self":[{"href":"https:\/\/futurosmedicos.es\/index.php?rest_route=\/wp\/v2\/pages\/6"}],"collection":[{"href":"https:\/\/futurosmedicos.es\/index.php?rest_route=\/wp\/v2\/pages"}],"about":[{"href":"https:\/\/futurosmedicos.es\/index.php?rest_route=\/wp\/v2\/types\/page"}],"author":[{"embeddable":true,"href":"https:\/\/futurosmedicos.es\/index.php?rest_route=\/wp\/v2\/users\/1"}],"replies":[{"embeddable":true,"href":"https:\/\/futurosmedicos.es\/index.php?rest_route=%2Fwp%2Fv2%2Fcomments&post=6"}],"version-history":[{"count":157,"href":"https:\/\/futurosmedicos.es\/index.php?rest_route=\/wp\/v2\/pages\/6\/revisions"}],"predecessor-version":[{"id":214,"href":"https:\/\/futurosmedicos.es\/index.php?rest_route=\/wp\/v2\/pages\/6\/revisions\/214"}],"wp:attachment":[{"href":"https:\/\/futurosmedicos.es\/index.php?rest_route=%2Fwp%2Fv2%2Fmedia&parent=6"}],"curies":[{"name":"wp","href":"https:\/\/api.w.org\/{rel}","templated":true}]}}